{"id":8,"date":"2025-08-22T12:12:53","date_gmt":"2025-08-22T10:12:53","guid":{"rendered":"https:\/\/helixcante.fr\/?page_id=8"},"modified":"2025-09-04T22:21:24","modified_gmt":"2025-09-04T20:21:24","slug":"accueil","status":"publish","type":"page","link":"https:\/\/helixcante.fr\/","title":{"rendered":"Accueil"},"content":{"rendered":"\n<div class=\"wp-block-cover alignfull is-light\" style=\"min-height:720px;aspect-ratio:unset;\"><span aria-hidden=\"true\" class=\"wp-block-cover__background has-background-dim-100 has-background-dim has-background-gradient\" style=\"background:linear-gradient(35deg,rgb(6,0,151) 0%,rgb(130,4,255) 73%,rgb(193,15,255) 100%)\"><\/span><div class=\"wp-block-cover__inner-container is-layout-flow wp-block-cover-is-layout-flow\">\n<div class=\"inherit-container-width wp-block-group alignwide is-layout-constrained wp-block-group-is-layout-constrained\">\n<div class=\"wp-block-media-text alignwide has-media-on-the-right is-stacked-on-mobile is-vertically-aligned-center\" style=\"grid-template-columns:auto 43%\"><div class=\"wp-block-media-text__content\">\n<h2 class=\"wp-block-heading has-text-align-left has-white-color has-text-color\">Publications d\u2019H\u00e9lix<\/h2>\n\n\n\n<p class=\"has-white-color has-text-color\">Bienvenue aux amateurs de belles histoires.<\/p>\n\n\n\n<div class=\"wp-block-buttons is-layout-flex wp-block-buttons-is-layout-flex\">\n<div class=\"wp-block-button\"><a class=\"wp-block-button__link wp-element-button\" href=\"#services\">Les livres<\/a><\/div>\n\n\n\n<div class=\"wp-block-button\"><a class=\"wp-block-button__link wp-element-button\" href=\"https:\/\/helixcante.fr\/index.php\/articles\/\">Les articles<\/a><\/div>\n<\/div>\n<\/div><figure class=\"wp-block-media-text__media\"><img loading=\"lazy\" decoding=\"async\" width=\"512\" height=\"512\" src=\"https:\/\/helixcante.fr\/wp-content\/uploads\/2025\/08\/IMG_2337.jpg\" alt=\"N\u00e9rius\" class=\"wp-image-36 size-full\" srcset=\"https:\/\/helixcante.fr\/wp-content\/uploads\/2025\/08\/IMG_2337.jpg 512w, https:\/\/helixcante.fr\/wp-content\/uploads\/2025\/08\/IMG_2337-300x300.jpg 300w, https:\/\/helixcante.fr\/wp-content\/uploads\/2025\/08\/IMG_2337-150x150.jpg 150w\" sizes=\"auto, (max-width: 512px) 100vw, 512px\" \/><\/figure><\/div>\n<\/div>\n<\/div><\/div>\n\n\n\n<div class=\"wp-block-group alignfull is-layout-constrained wp-container-core-group-is-layout-45b0ac4f wp-block-group-is-layout-constrained\" id=\"services\" style=\"padding-top:144px;padding-bottom:0px\">\n<h3 class=\"wp-block-heading\">Pour changer<\/h3>\n\n\n\n<div class=\"wp-block-columns is-layout-flex wp-container-core-columns-is-layout-60cbf9bb wp-block-columns-is-layout-flex\" style=\"margin-top:50px\">\n<div class=\"wp-block-column is-layout-flow wp-container-core-column-is-layout-6b73ce23 wp-block-column-is-layout-flow\">\n<figure class=\"wp-block-image size-full\"><a href=\"https:\/\/helixcante.fr\/index.php\/accueil\/contes-2\/\"><img loading=\"lazy\" decoding=\"async\" width=\"512\" height=\"512\" src=\"https:\/\/helixcante.fr\/wp-content\/uploads\/2025\/08\/contes.png\" alt=\"\" class=\"wp-image-56\" srcset=\"https:\/\/helixcante.fr\/wp-content\/uploads\/2025\/08\/contes.png 512w, https:\/\/helixcante.fr\/wp-content\/uploads\/2025\/08\/contes-300x300.png 300w, https:\/\/helixcante.fr\/wp-content\/uploads\/2025\/08\/contes-150x150.png 150w\" sizes=\"auto, (max-width: 512px) 100vw, 512px\" \/><\/a><\/figure>\n\n\n\n<h3 class=\"wp-block-heading\" style=\"margin-top:16px\"><a href=\"https:\/\/helixcante.fr\/index.php\/accueil\/contes-2\/\" data-type=\"page\" data-id=\"2\">Contes<\/a><\/h3>\n\n\n\n<p>Les contes d&rsquo;H\u00e9lix entrainent le lecteur dans sa spirale onirique.<\/p>\n<\/div>\n\n\n\n<div class=\"wp-block-column is-layout-flow wp-container-core-column-is-layout-6b73ce23 wp-block-column-is-layout-flow\">\n<figure class=\"wp-block-image size-full\"><a href=\"https:\/\/helixcante.fr\/index.php\/roman\/\"><img loading=\"lazy\" decoding=\"async\" width=\"512\" height=\"512\" src=\"https:\/\/helixcante.fr\/wp-content\/uploads\/2025\/08\/romans.png\" alt=\"\" class=\"wp-image-57\" srcset=\"https:\/\/helixcante.fr\/wp-content\/uploads\/2025\/08\/romans.png 512w, https:\/\/helixcante.fr\/wp-content\/uploads\/2025\/08\/romans-300x300.png 300w, https:\/\/helixcante.fr\/wp-content\/uploads\/2025\/08\/romans-150x150.png 150w\" sizes=\"auto, (max-width: 512px) 100vw, 512px\" \/><\/a><\/figure>\n\n\n\n<h3 class=\"wp-block-heading\" style=\"margin-top:16px\"><a href=\"https:\/\/helixcante.fr\/index.php\/roman\/\" data-type=\"page\" data-id=\"157\">Romans<\/a><\/h3>\n\n\n\n<p>partons avec les personnages d&rsquo;H\u00e9lix \u00e0 l&rsquo;aventure dans les grands espaces.<\/p>\n<\/div>\n\n\n\n<div class=\"wp-block-column is-layout-flow wp-container-core-column-is-layout-6b73ce23 wp-block-column-is-layout-flow\">\n<figure class=\"wp-block-image size-full\"><img loading=\"lazy\" decoding=\"async\" width=\"512\" height=\"512\" src=\"https:\/\/helixcante.fr\/wp-content\/uploads\/2025\/08\/essais.png\" alt=\"\" class=\"wp-image-58\" srcset=\"https:\/\/helixcante.fr\/wp-content\/uploads\/2025\/08\/essais.png 512w, https:\/\/helixcante.fr\/wp-content\/uploads\/2025\/08\/essais-300x300.png 300w, https:\/\/helixcante.fr\/wp-content\/uploads\/2025\/08\/essais-150x150.png 150w\" sizes=\"auto, (max-width: 512px) 100vw, 512px\" \/><\/figure>\n\n\n\n<h3 class=\"wp-block-heading\" style=\"margin-top:16px\">Essais<\/h3>\n\n\n\n<p>H\u00e9lix est avant tout un Naturaliste Amateur.<\/p>\n<\/div>\n<\/div>\n<\/div>\n\n\n\n<div class=\"wp-block-group alignfull has-ast-global-color-5-background-color has-background is-layout-constrained wp-container-core-group-is-layout-94d206d0 wp-block-group-is-layout-constrained\" id=\"reviews\" style=\"padding-top:143px;padding-bottom:144px\">\n<div class=\"wp-block-media-text has-media-on-the-right is-stacked-on-mobile is-vertically-aligned-center\"><div class=\"wp-block-media-text__content\">\n<div class=\"inherit-container-width wp-block-group is-layout-constrained wp-container-core-group-is-layout-47ce07ec wp-block-group-is-layout-constrained\" style=\"padding-right:80px\">\n<h3 class=\"wp-block-heading\" style=\"padding-right:40px\">Tous ensemble<\/h3>\n\n\n\n<p><a href=\"https:\/\/helixcante.fr\/index.php\/2025\/08\/22\/contes\/\" data-type=\"post\" data-id=\"74\">L&rsquo;avis et les propositions des lecteurs sont essentiels \u00e0 la cr\u00e9ation&#8230;<\/a><\/p>\n<\/div>\n<\/div><figure class=\"wp-block-media-text__media\"><a href=\"https:\/\/helixcante.fr\/index.php\/2025\/08\/22\/contes\/\"><img loading=\"lazy\" decoding=\"async\" width=\"512\" height=\"512\" src=\"https:\/\/helixcante.fr\/wp-content\/uploads\/2025\/08\/collab.png\" alt=\"\" class=\"wp-image-61 size-full\" srcset=\"https:\/\/helixcante.fr\/wp-content\/uploads\/2025\/08\/collab.png 512w, https:\/\/helixcante.fr\/wp-content\/uploads\/2025\/08\/collab-300x300.png 300w, https:\/\/helixcante.fr\/wp-content\/uploads\/2025\/08\/collab-150x150.png 150w\" sizes=\"auto, (max-width: 512px) 100vw, 512px\" \/><\/a><\/figure><\/div>\n<\/div>\n\n\n\n<div class=\"wp-block-group alignfull has-ast-global-color-4-background-color has-background is-layout-constrained wp-container-core-group-is-layout-6a2cfb7b wp-block-group-is-layout-constrained\" id=\"about\">\n<figure class=\"wp-block-image aligncenter size-full is-resized\"><img loading=\"lazy\" decoding=\"async\" width=\"154\" height=\"142\" src=\"https:\/\/helixcante.fr\/wp-content\/uploads\/2025\/08\/helix-1.png\" alt=\"\" class=\"wp-image-122\" style=\"width:104px;height:auto\"\/><\/figure>\n\n\n\n<p class=\"has-text-align-center\" style=\"font-size:22px;line-height:1.6\">\u00ab\u00a0Le neuf se trouve en dehors des sentiers battus.\u00a0\u00bb<\/p>\n\n\n\n<p class=\"has-text-align-center\">H\u00e9lix<\/p>\n<\/div>\n\n\n\n<div class=\"wp-block-group alignfull is-layout-constrained wp-container-core-group-is-layout-3fee123f wp-block-group-is-layout-constrained\" id=\"whyus\" style=\"padding-top:144px;padding-bottom:144px\">\n<h2 class=\"wp-block-heading\">H\u00e9lix<\/h2>\n\n\n\n<div class=\"wp-block-columns is-layout-flex wp-container-core-columns-is-layout-29aadeec wp-block-columns-is-layout-flex\" style=\"margin-top:60px\">\n<div class=\"wp-block-column is-layout-flow wp-container-core-column-is-layout-6b73ce23 wp-block-column-is-layout-flow\">\n<figure class=\"wp-block-image size-large\"><img decoding=\"async\" src=\"https:\/\/helixcante.fr\/wp-content\/themes\/astra\/inc\/assets\/images\/starter-content\/passionate.svg\" alt=\"\" class=\"wp-image-162\"\/><\/figure>\n\n\n\n<h3 class=\"wp-block-heading\" style=\"margin-top:16px\">En spirale<\/h3>\n\n\n\n<p>il pense en spirale, pr\u00e9f\u00e9rant les chemins sinueux et les courbes aux sentiers balis\u00e9s.<\/p>\n<\/div>\n\n\n\n<div class=\"wp-block-column is-layout-flow wp-container-core-column-is-layout-6b73ce23 wp-block-column-is-layout-flow\">\n<figure class=\"wp-block-image size-large\"><img decoding=\"async\" src=\"https:\/\/helixcante.fr\/wp-content\/themes\/astra\/inc\/assets\/images\/starter-content\/professional.svg\" alt=\"\" class=\"wp-image-163\"\/><\/figure>\n\n\n\n<h3 class=\"wp-block-heading\" style=\"margin-top:16px\">D\u2019ailleurs<\/h3>\n\n\n\n<p>Il n&rsquo;est pas d&rsquo;ici<\/p>\n<\/div>\n\n\n\n<div class=\"wp-block-column is-layout-flow wp-container-core-column-is-layout-6b73ce23 wp-block-column-is-layout-flow\">\n<figure class=\"wp-block-image size-large\"><img decoding=\"async\" src=\"https:\/\/helixcante.fr\/wp-content\/themes\/astra\/inc\/assets\/images\/starter-content\/support.svg\" alt=\"\" class=\"wp-image-164\"\/><\/figure>\n\n\n\n<h3 class=\"wp-block-heading\" style=\"margin-top:16px\">Sans \u00e2ge<\/h3>\n\n\n\n<p>H\u00e9lix peut apparaitre comme un jeune vieillard ou un vieux gamin, fusionnant la sagesse de l&rsquo;exp\u00e9rience avec la curiosit\u00e9 insatiable de l&rsquo;enfance.<\/p>\n<\/div>\n<\/div>\n<\/div>\n\n\n\n<div class=\"wp-block-group alignfull has-background is-layout-constrained wp-container-core-group-is-layout-cfcca693 wp-block-group-is-layout-constrained\" id=\"contact\" style=\"background:linear-gradient(35deg,rgb(6,0,151) 0%,rgb(130,4,255) 64%,rgb(193,15,255) 98%);padding-top:104px;padding-bottom:104px\">\n<h2 class=\"wp-block-heading has-text-align-center has-text-color\" style=\"color:#ffffff\">Salut H\u00e9lix<\/h2>\n\n\n\n<figure class=\"wp-block-image aligncenter size-full is-resized\"><a href=\"https:\/\/helixcante.fr\/index.php\/contacter-helix\/\"><img loading=\"lazy\" decoding=\"async\" width=\"512\" height=\"512\" src=\"https:\/\/helixcante.fr\/wp-content\/uploads\/2025\/08\/carrier-pigeon.png\" alt=\"\" class=\"wp-image-93\" style=\"width:120px;height:auto\" srcset=\"https:\/\/helixcante.fr\/wp-content\/uploads\/2025\/08\/carrier-pigeon.png 512w, https:\/\/helixcante.fr\/wp-content\/uploads\/2025\/08\/carrier-pigeon-300x300.png 300w, https:\/\/helixcante.fr\/wp-content\/uploads\/2025\/08\/carrier-pigeon-150x150.png 150w\" sizes=\"auto, (max-width: 512px) 100vw, 512px\" \/><\/a><\/figure>\n\n\n\n<div class=\"wp-block-buttons alignwide is-horizontal is-content-justification-center is-layout-flex wp-container-core-buttons-is-layout-bba8380a wp-block-buttons-is-layout-flex\" style=\"margin-top:50px\">\n<div class=\"wp-block-button\"><a class=\"wp-block-button__link wp-element-button\" href=\"https:\/\/helixcante.fr\/index.php\/contacter-helix\/\">L\u00e2cher le pigeon<\/a><\/div>\n<\/div>\n<\/div>\n\n\n\n<p><\/p>\n","protected":false},"excerpt":{"rendered":"<p>Pour changer Contes Les contes d&rsquo;H\u00e9lix entrainent le lecteur dans sa spirale onirique. Romans partons avec les personnages d&rsquo;H\u00e9lix \u00e0 [&hellip;]<\/p>\n","protected":false},"author":1,"featured_media":0,"parent":0,"menu_order":0,"comment_status":"closed","ping_status":"closed","template":"","meta":{"site-sidebar-layout":"no-sidebar","site-content-layout":"plain-container","ast-site-content-layout":"default","site-content-style":"default","site-sidebar-style":"default","ast-global-header-display":"","ast-banner-title-visibility":"","ast-main-header-display":"","ast-hfb-above-header-display":"","ast-hfb-below-header-display":"","ast-hfb-mobile-header-display":"","site-post-title":"disabled","ast-breadcrumbs-content":"","ast-featured-img":"","footer-sml-layout":"","ast-disable-related-posts":"","theme-transparent-header-meta":"enabled","adv-header-id-meta":"","stick-header-meta":"","header-above-stick-meta":"","header-main-stick-meta":"","header-below-stick-meta":"","astra-migrate-meta-layouts":"default","ast-page-background-enabled":"default","ast-page-background-meta":{"desktop":{"background-color":"var(--ast-global-color-5)","background-image":"","background-repeat":"repeat","background-position":"center center","background-size":"auto","background-attachment":"scroll","background-type":"","background-media":"","overlay-type":"","overlay-color":"","overlay-opacity":"","overlay-gradient":""},"tablet":{"background-color":"","background-image":"","background-repeat":"repeat","background-position":"center center","background-size":"auto","background-attachment":"scroll","background-type":"","background-media":"","overlay-type":"","overlay-color":"","overlay-opacity":"","overlay-gradient":""},"mobile":{"background-color":"","background-image":"","background-repeat":"repeat","background-position":"center center","background-size":"auto","background-attachment":"scroll","background-type":"","background-media":"","overlay-type":"","overlay-color":"","overlay-opacity":"","overlay-gradient":""}},"ast-content-background-meta":{"desktop":{"background-color":"var(--ast-global-color-4)","background-image":"","background-repeat":"repeat","background-position":"center center","background-size":"auto","background-attachment":"scroll","background-type":"","background-media":"","overlay-type":"","overlay-color":"","overlay-opacity":"","overlay-gradient":""},"tablet":{"background-color":"var(--ast-global-color-4)","background-image":"","background-repeat":"repeat","background-position":"center center","background-size":"auto","background-attachment":"scroll","background-type":"","background-media":"","overlay-type":"","overlay-color":"","overlay-opacity":"","overlay-gradient":""},"mobile":{"background-color":"var(--ast-global-color-4)","background-image":"","background-repeat":"repeat","background-position":"center center","background-size":"auto","background-attachment":"scroll","background-type":"","background-media":"","overlay-type":"","overlay-color":"","overlay-opacity":"","overlay-gradient":""}},"footnotes":""},"class_list":["post-8","page","type-page","status-publish","hentry"],"_links":{"self":[{"href":"https:\/\/helixcante.fr\/index.php\/wp-json\/wp\/v2\/pages\/8","targetHints":{"allow":["GET"]}}],"collection":[{"href":"https:\/\/helixcante.fr\/index.php\/wp-json\/wp\/v2\/pages"}],"about":[{"href":"https:\/\/helixcante.fr\/index.php\/wp-json\/wp\/v2\/types\/page"}],"author":[{"embeddable":true,"href":"https:\/\/helixcante.fr\/index.php\/wp-json\/wp\/v2\/users\/1"}],"replies":[{"embeddable":true,"href":"https:\/\/helixcante.fr\/index.php\/wp-json\/wp\/v2\/comments?post=8"}],"version-history":[{"count":38,"href":"https:\/\/helixcante.fr\/index.php\/wp-json\/wp\/v2\/pages\/8\/revisions"}],"predecessor-version":[{"id":178,"href":"https:\/\/helixcante.fr\/index.php\/wp-json\/wp\/v2\/pages\/8\/revisions\/178"}],"wp:attachment":[{"href":"https:\/\/helixcante.fr\/index.php\/wp-json\/wp\/v2\/media?parent=8"}],"curies":[{"name":"wp","href":"https:\/\/api.w.org\/{rel}","templated":true}]}}